{"id":9179,"date":"2021-04-30T10:44:21","date_gmt":"2021-04-30T08:44:21","guid":{"rendered":"https:\/\/stage.laborlimae.biz\/privacy-e-cookie-policy\/"},"modified":"2022-11-14T16:20:26","modified_gmt":"2022-11-14T15:20:26","slug":"privacy-e-cookie-policy","status":"publish","type":"page","link":"https:\/\/www.moverim.eu\/it\/privacy-e-cookie-policy\/","title":{"rendered":"Privacy e Cookie Policy"},"content":{"rendered":"<p>[et_pb_section fb_built=&#8221;1&#8243; fullwidth=&#8221;on&#8221; next_background_color=&#8221;#ffffff&#8221; _builder_version=&#8221;4.16&#8243; _module_preset=&#8221;default&#8221; use_background_color_gradient=&#8221;on&#8221; background_color_gradient_stops=&#8221;#265b99 0%|rgba(48,109,174,0.43) 100%&#8221; background_color_gradient_start=&#8221;#265b99&#8243; background_color_gradient_end=&#8221;rgba(48,109,174,0.43)&#8221; background_enable_video_mp4=&#8221;off&#8221; background_enable_video_webm=&#8221;off&#8221; height=&#8221;440px&#8221; custom_padding=&#8221;119px||||false|false&#8221; bottom_divider_style=&#8221;asymmetric2&#8243; bottom_divider_height=&#8221;65px&#8221; global_colors_info=&#8221;{}&#8221;][et_pb_fullwidth_header text_orientation=&#8221;right&#8221; _builder_version=&#8221;4.16&#8243; _module_preset=&#8221;default&#8221; title_font_size=&#8221;82px&#8221; background_enable_color=&#8221;off&#8221; module_alignment=&#8221;right&#8221; height=&#8221;500px&#8221; custom_padding=&#8221;108px||0px||false|false&#8221; custom_padding_tablet=&#8221;108px||0px||false|false&#8221; custom_padding_phone=&#8221;108px||0px||false|false&#8221; custom_padding_last_edited=&#8221;on|phone&#8221; title_font_size_tablet=&#8221;70px&#8221; title_font_size_phone=&#8221;56px&#8221; title_font_size_last_edited=&#8221;on|phone&#8221; custom_css_title=&#8221;margin-top:-80px;&#8221; global_colors_info=&#8221;{}&#8221; custom_css_title_last_edited=&#8221;on|tablet&#8221; custom_css_title_phone=&#8221;margin-top:-180px;&#8221; custom_css_title_tablet=&#8221;margin-top:-100px;&#8221;]<\/p>\n<h1><strong>Informativa sulla privacy e sui cookie<br \/><\/strong><\/h1>\n<p>[\/et_pb_fullwidth_header][\/et_pb_section][et_pb_section fb_built=&#8221;1&#8243; _builder_version=&#8221;4.16&#8243; _module_preset=&#8221;default&#8221; custom_padding=&#8221;31px||6px|||&#8221; global_colors_info=&#8221;{}&#8221;][et_pb_row _builder_version=&#8221;4.17.1&#8243; _module_preset=&#8221;default&#8221; global_colors_info=&#8221;{}&#8221;][et_pb_column type=&#8221;4_4&#8243; _builder_version=&#8221;4.17.1&#8243; _module_preset=&#8221;default&#8221; global_colors_info=&#8221;{}&#8221;][et_pb_text _builder_version=&#8221;4.17.1&#8243; _module_preset=&#8221;default&#8221; global_colors_info=&#8221;{}&#8221;]<\/p>\n<h2>INFORMATIVA SULLA PRIVACY<\/h2>\n<p>Questo sito web \u00e8 gestito da Moverim Consulting. Ci impegniamo a proteggere i vostri dati personali e a trattare la vostra privacy in conformit\u00e0 con il Regolamento Generale sulla Protezione dei Dati (GDPR) dell&#8217;Unione Europea e con la legislazione nazionale applicabile in materia di protezione dei dati personali.<br \/>Terminologia utilizzata nella presente informativa sulla privacy<br \/>Le nostre attivit\u00e0 di trattamento dei dati personali sono disciplinate dal Regolamento generale sulla protezione dei dati (GDPR) (Regolamento (UE) 2016\/679).<br \/>Per &#8220;dati personali&#8221; si intendono tutte le informazioni che possono essere utilizzate per identificare l&#8217;utente, compresi il nome, l&#8217;indirizzo e-mail, l&#8217;indirizzo IP o qualsiasi altro dato che possa rivelare la sua identit\u00e0 fisica, fisiologica, generica, mentale, economica, culturale o sociale.<br \/>Ai fini del GDPR, siamo il &#8220;Titolare del trattamento&#8221; di tutti i dati personali da noi ottenuti come indicato nella presente Informativa, in quanto siamo noi a stabilire come i vostri dati personali saranno trattati da noi o dai nostri subappaltatori, che saranno i nostri &#8220;Responsabili del trattamento&#8221;.<br \/>Se trattiamo i vostri dati personali, siete un &#8220;Soggetto interessato&#8221;. Ci\u00f2 significa che avete determinati diritti ai sensi del GDPR in relazione al trattamento dei vostri dati personali, che sono illustrati nella presente informativa sulla privacy.<\/p>\n<h3>Nome e indirizzo del responsabile del trattamento dei dati<\/h3>\n<p>Il titolare del trattamento \u00e8:<br \/><strong>Moverim Consulting sprl<\/strong><br \/><strong>Square Ambiorix, 32 B.te 43<\/strong><br \/><strong>B1000 \u2013 Brussels<\/strong><br \/><strong>Belgium<\/strong><br \/><strong>www.moverim.eu<\/strong><\/p>\n<p>Per ulteriori informazioni sul titolare del trattamento dei dati, si prega di fare riferimento all&#8217;impronta di questo sito web.<\/p>\n<h3>Dati personali su questo sito web<\/h3>\n<p>\u00c8 possibile utilizzare questo sito web senza fornire i propri dati personali. Ogni volta che raccogliamo dati personali vi verr\u00e0 chiesto il consenso e sarete informati sui vostri diritti in materia di protezione dei dati personali. Tratteremo i vostri dati personali solo in conformit\u00e0 con i termini stabiliti nella presente Informativa, o come vi \u00e8 stato fornito al momento della raccolta dei vostri dati personali (se necessario per il trattamento previsto).<br \/>a) Contatto via e-mail<br \/>L&#8217;utente del sito web pu\u00f2 utilizzare l&#8217;indirizzo e-mail generale dell&#8217;azienda o gli altri indirizzi e-mail presentati per contattare il personale corrispondente. In questo caso, memorizzeremo i dati personali forniti da questa e-mail. I dati vengono utilizzati esclusivamente per elaborare la conversazione con voi (scopo) e non vengono trasmessi a terzi.<\/p>\n<h3>Base giuridica per il trattamento dei dati<\/h3>\n<p>La base giuridica per il trattamento dei dati \u00e8 l&#8217;Art. 6 para. 1 lit. a GDPR, qualora l&#8217;utente abbia dato il proprio consenso al trattamento.<br \/>La base giuridica per l&#8217;elaborazione dei dati personali nell&#8217;ambito dell&#8217;invio di un&#8217;e-mail \u00e8 l&#8217;Art. 6 para. 1 lit. f GDPR. Se il contatto via e-mail \u00e8 finalizzato alla risoluzione di un contratto, allora un&#8217;ulteriore base giuridica per il trattamento \u00e8 l&#8217;Art. 6 para. 1 lit. b GDPR.<\/p>\n<h3>Trasferimento dei dati personali<\/h3>\n<p>Non trasferiamo regolarmente i vostri dati personali raccolti tramite e-mail a terzi, in particolare a terzi con sede al di fuori dell&#8217;Unione Europea o dello Spazio Economico Europeo (SEE). Se contattate il nostro personale durante un viaggio di lavoro al di fuori dell&#8217;UE, riceverete la vostra e-mail tramite una connessione sicura, il che significa che i vostri dati non saranno trasferiti a terzi, ma rimarranno all&#8217;interno della sfera di influenza della nostra azienda.<br \/>Se inoltriamo o copiamo un messaggio ricevuto via e-mail a persone esterne alla nostra azienda, vi chiederemo prima il consenso per farlo, a meno che non ci abbiate informato esplicitamente del vostro consenso gi\u00e0 nella vostra e-mail a noi.<br \/>Processo decisionale automatizzato e profilazione<br \/>In quanto azienda responsabile, non utilizziamo il processo decisionale automatico o la profilazione.<br \/>Dati raccolti per scopi tecnici<\/p>\n<h3>COOKIES<\/h3>\n<p>Informativa sul trattamento dei dati personali (Regolamento (UE) 2016\/679 &#8211; GDPR)<br \/>I Dati Personali degli Utenti, registrati o meno, possono essere raccolti tramite cookie.<br \/>CHE COS&#8217;\u00c8 UN COOKIE?<br \/>Un cookie (o cookie di connessione) \u00e8 un file di testo che pu\u00f2 essere memorizzato in uno spazio dedicato sul disco rigido del dispositivo (computer, tablet, smartphone, ecc.) quando si utilizza il browser per navigare in un servizio online.<br \/>Il file cookie consente al suo mittente di identificare il dispositivo in cui \u00e8 memorizzato durante il periodo di validit\u00e0 o di registrazione del cookie in questione.<\/p>\n<p>QUALI COOKIE VENGONO UTILIZZATI SUL SITO?<\/p>\n<p>Possiamo installare, a scelta dell&#8217;utente, cookie operativi e analitici che hanno lo scopo di:<br \/>Permetterci di ricordare le scelte fatte dall&#8217;utente (lingua, risoluzione del display, servizi sottoscritti, ecc.) per fornirgli funzionalit\u00e0 personalizzate o migliorate mentre si trova sulla nostra pagina.<br \/>stabilire statistiche sul traffico e sull&#8217;utilizzo del nostro sito e rilevare problemi di navigazione per monitorare e migliorare la qualit\u00e0 dei nostri servizi.<br \/>Utilizziamo cookie di terze parti come:<\/p>\n<p>Google Analytics<br \/>Questi cookie vengono utilizzati per raccogliere informazioni sul numero di visitatori e sull&#8217;andamento delle visite al sito web. Vedono come i visitatori si muovono all&#8217;interno del sito web quando lo utilizzano, registrano i contenuti che gli utenti visualizzano e a cui sono interessati, aiutando l&#8217;editore a migliorare il servizio e il funzionamento del sito web (ad esempio, le pagine visitate, gli errori che possono verificarsi, il conteggio dei visitatori che utilizzano i servizi web per migliorare l&#8217;esperienza web e la velocit\u00e0 di navigazione).<br \/>Questi cookie sono gestiti da Google Analytics, uno strumento di analisi web fornito da Google Inc. Ad esempio, alcuni dei cookie di Google Analytics sono:<br \/>__utmz; __utmc; __utmb; __utma; __utmt.<br \/>Per avere maggiori informazioni su questi cookie, visitare il sito: https:\/\/developers.google.com\/analytics\/devguides\/collection\/analyticsjs\/cookie-usage.<br \/>Ai sensi della Decisione 229\/2014, sono adottati strumenti tecnici per ridurre il potere identificativo di questi cookie. L&#8217;informativa sulla privacy di Google \u00e8 disponibile all&#8217;indirizzo https:\/\/policies.google.com\/privacy?hl=en mentre l&#8217;informativa sulla privacy di Google Analytics \u00e8 disponibile all&#8217;indirizzo https:\/\/support.google.com\/analytics\/topic\/2919631?hl=en&amp;ref_topic=1008008<\/p>\n<p>I cookie di terze parti potrebbero essere impostati e modificati da organizzazioni diverse dal titolare del sito web, pertanto Moverim Consulting non \u00e8 responsabile di successive modifiche e integrazioni alle informazioni sui cookie di terze parti e di variazioni delle loro funzioni.<\/p>\n<p>Come disabilitare i cookie e gestire le preferenze<br \/>La maggior parte dei browser consente di controllare, accettare o addirittura disabilitare i cookie attraverso le impostazioni del browser. \u00c8 importante notare che la disabilitazione dei cookie tecnici pu\u00f2 compromettere il corretto funzionamento del sito web e perdere le informazioni e le preferenze del profilo utente.<br \/>Di seguito sono elencati i link per le istruzioni specifiche per i browser pi\u00f9 diffusi:<br \/>Firefox: https:\/\/support.mozilla.org\/it\/kb\/Attivare%20e%20disattivare%20i%20cookie <br \/>Chrome: https:\/\/support.google.com\/chrome\/answer\/95647?hl=it-IT&amp;hlrm=fr&amp;hlrm=en<br \/>Internet Explorer: http:\/\/windows.microsoft.com\/it-it\/windows7\/block-enable-or-allow-cookies <br \/>Safari: https:\/\/support.apple.com\/kb\/PH19214?locale=it_IT<br \/>Inoltre, di seguito \u00e8 riportato il link per disabilitare i cookie di Google Analytics:https:\/\/tools.google.com\/dlpage\/gaoptout?hl=it<\/p>\n<p>[\/et_pb_text][\/et_pb_column][\/et_pb_row][\/et_pb_section]<\/p>\n","protected":false},"excerpt":{"rendered":"<p>Informativa sulla privacy e sui cookieINFORMATIVA SULLA PRIVACY Questo sito web \u00e8 gestito da Moverim Consulting. Ci impegniamo a proteggere i vostri dati personali e a trattare la vostra privacy in conformit\u00e0 con il Regolamento Generale sulla Protezione dei Dati (GDPR) dell&#8217;Unione Europea e con la legislazione nazionale applicabile in materia di protezione dei dati [&hellip;]<\/p>\n","protected":false},"author":1,"featured_media":0,"parent":0,"menu_order":0,"comment_status":"closed","ping_status":"open","template":"","meta":{"_et_pb_use_builder":"on","_et_pb_old_content":"","_et_gb_content_width":"","footnotes":""},"class_list":["post-9179","page","type-page","status-publish","hentry"],"yoast_head":"<!-- This site is optimized with the Yoast SEO plugin v24.6 - https:\/\/yoast.com\/wordpress\/plugins\/seo\/ -->\n<title>Privacy e Cookie Policy - MOVERIM CONSULTING<\/title>\n<meta name=\"robots\" content=\"index, follow, max-snippet:-1, max-image-preview:large, max-video-preview:-1\" \/>\n<link rel=\"canonical\" href=\"https:\/\/www.moverim.eu\/privacy-cookie-policy\/\" \/>\n<meta property=\"og:locale\" content=\"it_IT\" \/>\n<meta property=\"og:type\" content=\"article\" \/>\n<meta property=\"og:title\" content=\"Privacy e Cookie Policy - MOVERIM CONSULTING\" \/>\n<meta property=\"og:description\" content=\"Informativa sulla privacy e sui cookieINFORMATIVA SULLA PRIVACY Questo sito web \u00e8 gestito da Moverim Consulting. Ci impegniamo a proteggere i vostri dati personali e a trattare la vostra privacy in conformit\u00e0 con il Regolamento Generale sulla Protezione dei Dati (GDPR) dell&#039;Unione Europea e con la legislazione nazionale applicabile in materia di protezione dei dati [&hellip;]\" \/>\n<meta property=\"og:url\" content=\"https:\/\/www.moverim.eu\/privacy-cookie-policy\/\" \/>\n<meta property=\"og:site_name\" content=\"MOVERIM CONSULTING\" \/>\n<meta property=\"article:modified_time\" content=\"2022-11-14T15:20:26+00:00\" \/>\n<meta name=\"twitter:card\" content=\"summary_large_image\" \/>\n<meta name=\"twitter:label1\" content=\"Tempo di lettura stimato\" \/>\n\t<meta name=\"twitter:data1\" content=\"7 minuti\" \/>\n<script type=\"application\/ld+json\" class=\"yoast-schema-graph\">{\"@context\":\"https:\/\/schema.org\",\"@graph\":[{\"@type\":\"WebPage\",\"@id\":\"https:\/\/www.moverim.eu\/privacy-cookie-policy\/\",\"url\":\"https:\/\/www.moverim.eu\/privacy-cookie-policy\/\",\"name\":\"Privacy e Cookie Policy - MOVERIM CONSULTING\",\"isPartOf\":{\"@id\":\"https:\/\/www.moverim.eu\/#website\"},\"datePublished\":\"2021-04-30T08:44:21+00:00\",\"dateModified\":\"2022-11-14T15:20:26+00:00\",\"breadcrumb\":{\"@id\":\"https:\/\/www.moverim.eu\/privacy-cookie-policy\/#breadcrumb\"},\"inLanguage\":\"it-IT\",\"potentialAction\":[{\"@type\":\"ReadAction\",\"target\":[\"https:\/\/www.moverim.eu\/privacy-cookie-policy\/\"]}]},{\"@type\":\"BreadcrumbList\",\"@id\":\"https:\/\/www.moverim.eu\/privacy-cookie-policy\/#breadcrumb\",\"itemListElement\":[{\"@type\":\"ListItem\",\"position\":1,\"name\":\"Home\",\"item\":\"https:\/\/www.moverim.eu\/it\/\"},{\"@type\":\"ListItem\",\"position\":2,\"name\":\"Privacy e Cookie Policy\"}]},{\"@type\":\"WebSite\",\"@id\":\"https:\/\/www.moverim.eu\/#website\",\"url\":\"https:\/\/www.moverim.eu\/\",\"name\":\"MOVERIM CONSULTING\",\"description\":\"EU strategies &amp; projects\",\"potentialAction\":[{\"@type\":\"SearchAction\",\"target\":{\"@type\":\"EntryPoint\",\"urlTemplate\":\"https:\/\/www.moverim.eu\/?s={search_term_string}\"},\"query-input\":{\"@type\":\"PropertyValueSpecification\",\"valueRequired\":true,\"valueName\":\"search_term_string\"}}],\"inLanguage\":\"it-IT\"}]}<\/script>\n<!-- \/ Yoast SEO plugin. -->","yoast_head_json":{"title":"Privacy e Cookie Policy - MOVERIM CONSULTING","robots":{"index":"index","follow":"follow","max-snippet":"max-snippet:-1","max-image-preview":"max-image-preview:large","max-video-preview":"max-video-preview:-1"},"canonical":"https:\/\/www.moverim.eu\/privacy-cookie-policy\/","og_locale":"it_IT","og_type":"article","og_title":"Privacy e Cookie Policy - MOVERIM CONSULTING","og_description":"Informativa sulla privacy e sui cookieINFORMATIVA SULLA PRIVACY Questo sito web \u00e8 gestito da Moverim Consulting. Ci impegniamo a proteggere i vostri dati personali e a trattare la vostra privacy in conformit\u00e0 con il Regolamento Generale sulla Protezione dei Dati (GDPR) dell'Unione Europea e con la legislazione nazionale applicabile in materia di protezione dei dati [&hellip;]","og_url":"https:\/\/www.moverim.eu\/privacy-cookie-policy\/","og_site_name":"MOVERIM CONSULTING","article_modified_time":"2022-11-14T15:20:26+00:00","twitter_card":"summary_large_image","twitter_misc":{"Tempo di lettura stimato":"7 minuti"},"schema":{"@context":"https:\/\/schema.org","@graph":[{"@type":"WebPage","@id":"https:\/\/www.moverim.eu\/privacy-cookie-policy\/","url":"https:\/\/www.moverim.eu\/privacy-cookie-policy\/","name":"Privacy e Cookie Policy - MOVERIM CONSULTING","isPartOf":{"@id":"https:\/\/www.moverim.eu\/#website"},"datePublished":"2021-04-30T08:44:21+00:00","dateModified":"2022-11-14T15:20:26+00:00","breadcrumb":{"@id":"https:\/\/www.moverim.eu\/privacy-cookie-policy\/#breadcrumb"},"inLanguage":"it-IT","potentialAction":[{"@type":"ReadAction","target":["https:\/\/www.moverim.eu\/privacy-cookie-policy\/"]}]},{"@type":"BreadcrumbList","@id":"https:\/\/www.moverim.eu\/privacy-cookie-policy\/#breadcrumb","itemListElement":[{"@type":"ListItem","position":1,"name":"Home","item":"https:\/\/www.moverim.eu\/it\/"},{"@type":"ListItem","position":2,"name":"Privacy e Cookie Policy"}]},{"@type":"WebSite","@id":"https:\/\/www.moverim.eu\/#website","url":"https:\/\/www.moverim.eu\/","name":"MOVERIM CONSULTING","description":"EU strategies &amp; projects","potentialAction":[{"@type":"SearchAction","target":{"@type":"EntryPoint","urlTemplate":"https:\/\/www.moverim.eu\/?s={search_term_string}"},"query-input":{"@type":"PropertyValueSpecification","valueRequired":true,"valueName":"search_term_string"}}],"inLanguage":"it-IT"}]}},"_links":{"self":[{"href":"https:\/\/www.moverim.eu\/it\/wp-json\/wp\/v2\/pages\/9179","targetHints":{"allow":["GET"]}}],"collection":[{"href":"https:\/\/www.moverim.eu\/it\/wp-json\/wp\/v2\/pages"}],"about":[{"href":"https:\/\/www.moverim.eu\/it\/wp-json\/wp\/v2\/types\/page"}],"author":[{"embeddable":true,"href":"https:\/\/www.moverim.eu\/it\/wp-json\/wp\/v2\/users\/1"}],"replies":[{"embeddable":true,"href":"https:\/\/www.moverim.eu\/it\/wp-json\/wp\/v2\/comments?post=9179"}],"version-history":[{"count":2,"href":"https:\/\/www.moverim.eu\/it\/wp-json\/wp\/v2\/pages\/9179\/revisions"}],"predecessor-version":[{"id":9181,"href":"https:\/\/www.moverim.eu\/it\/wp-json\/wp\/v2\/pages\/9179\/revisions\/9181"}],"wp:attachment":[{"href":"https:\/\/www.moverim.eu\/it\/wp-json\/wp\/v2\/media?parent=9179"}],"curies":[{"name":"wp","href":"https:\/\/api.w.org\/{rel}","templated":true}]}}