{"id":9157,"date":"2021-10-26T14:38:15","date_gmt":"2021-10-26T12:38:15","guid":{"rendered":"https:\/\/stage.laborlimae.biz\/comunicazione-e-divulgazione\/"},"modified":"2022-11-15T09:42:23","modified_gmt":"2022-11-15T08:42:23","slug":"comunicazione-e-divulgazione","status":"publish","type":"page","link":"https:\/\/www.moverim.eu\/it\/comunicazione-e-divulgazione\/","title":{"rendered":"Comunicazione e divulgazione"},"content":{"rendered":"<p>[et_pb_section fb_built=&#8221;1&#8243; fullwidth=&#8221;on&#8221; next_background_color=&#8221;#ffffff&#8221; _builder_version=&#8221;4.16&#8243; _module_preset=&#8221;default&#8221; use_background_color_gradient=&#8221;on&#8221; background_color_gradient_stops=&#8221;#265b99 0%|rgba(48,109,174,0.43) 100%&#8221; background_color_gradient_start=&#8221;#265b99&#8243; background_color_gradient_end=&#8221;rgba(48,109,174,0.43)&#8221; background_enable_video_mp4=&#8221;off&#8221; background_enable_video_webm=&#8221;off&#8221; height=&#8221;440px&#8221; custom_padding=&#8221;119px||||false|false&#8221; bottom_divider_style=&#8221;asymmetric2&#8243; bottom_divider_height=&#8221;65px&#8221; global_colors_info=&#8221;{}&#8221;][et_pb_fullwidth_header text_orientation=&#8221;right&#8221; _builder_version=&#8221;4.16&#8243; _module_preset=&#8221;default&#8221; title_font_size=&#8221;82px&#8221; background_enable_color=&#8221;off&#8221; module_alignment=&#8221;right&#8221; height=&#8221;500px&#8221; custom_padding=&#8221;108px||0px||false|false&#8221; custom_padding_tablet=&#8221;108px||0px||false|false&#8221; custom_padding_phone=&#8221;108px||0px||false|false&#8221; custom_padding_last_edited=&#8221;on|phone&#8221; title_font_size_tablet=&#8221;70px&#8221; title_font_size_phone=&#8221;56px&#8221; title_font_size_last_edited=&#8221;on|phone&#8221; custom_css_title=&#8221;margin-top:-120px;&#8221; global_colors_info=&#8221;{}&#8221; custom_css_title_last_edited=&#8221;on|tablet&#8221; custom_css_title_phone=&#8221;margin-top:-180px;&#8221; custom_css_title_tablet=&#8221;margin-top:-100px;&#8221;]<\/p>\n<h1><strong>Comunicazione e divulgazione<br \/><\/strong><\/h1>\n<p>[\/et_pb_fullwidth_header][\/et_pb_section][et_pb_section fb_built=&#8221;1&#8243; _builder_version=&#8221;4.16&#8243; _module_preset=&#8221;default&#8221; custom_padding=&#8221;31px||6px|||&#8221; global_colors_info=&#8221;{}&#8221;][et_pb_row column_structure=&#8221;1_2,1_2&#8243; use_custom_gutter=&#8221;on&#8221; gutter_width=&#8221;1&#8243; _builder_version=&#8221;4.16&#8243; _module_preset=&#8221;default&#8221; background_enable_image=&#8221;off&#8221; width=&#8221;90%&#8221; global_colors_info=&#8221;{}&#8221;][et_pb_column type=&#8221;1_2&#8243; _builder_version=&#8221;4.16&#8243; _module_preset=&#8221;default&#8221; global_colors_info=&#8221;{}&#8221;][et_pb_divider show_divider=&#8221;off&#8221; _builder_version=&#8221;4.18.0&#8243; _module_preset=&#8221;default&#8221; background_image=&#8221;http:\/\/www.moverim.eu\/wp-content\/uploads\/2022\/10\/Moverim-Communication-dissemination.jpg&#8221; height=&#8221;356px&#8221; global_colors_info=&#8221;{}&#8221;][\/et_pb_divider][\/et_pb_column][et_pb_column type=&#8221;1_2&#8243; _builder_version=&#8221;4.16&#8243; _module_preset=&#8221;default&#8221; global_colors_info=&#8221;{}&#8221;][et_pb_text _builder_version=&#8221;4.16&#8243; _module_preset=&#8221;c8586828-98d0-4906-aca7-267f624bf393&#8243; background_color=&#8221;#FFFFFF&#8221; width=&#8221;98.6%&#8221; custom_margin=&#8221;39px|7px||-68px|false|false&#8221; custom_margin_tablet=&#8221;-64px|30px||30px|false|true&#8221; custom_margin_phone=&#8221;-64px|30px||30px|false|true&#8221; custom_margin_last_edited=&#8221;on|tablet&#8221; custom_padding=&#8221;20px|20px|20px|20px|true|true&#8221; box_shadow_style=&#8221;preset2&#8243; box_shadow_blur=&#8221;12px&#8221; box_shadow_color=&#8221;rgba(0,0,0,0.16)&#8221; global_colors_info=&#8221;{}&#8221;]<\/p>\n<h3>Nello sviluppo di un progetto, la comunicazione e la diffusione sono fondamentali.<\/h3>\n<p>&nbsp;<\/p>\n<p>Una comunicazione efficace \u00e8 <strong>fondamentale per la visibilit\u00e0<\/strong>, mentre la diffusione \u00e8 essenziale per garantire che i risultati e le conoscenze del progetto siano trasferiti e utilizzati da altri.<\/p>\n<p>L&#8217;UE <strong>raccomanda di considerare la comunicazione e la divulgazione<\/strong> gi\u00e0 nelle prime fasi della proposta e di gestirle per tutta la durata del progetto.<\/p>\n<p>Il nostro team elaborer\u00e0 <strong>piani di comunicazione efficaci<\/strong> per i vostri progetti e svilupper\u00e0 le giuste strategie per diffondere le informazioni sui vostri risultati e <strong>massimizzarne l&#8217;impatto.<\/strong><\/p>\n<p>[\/et_pb_text][\/et_pb_column][\/et_pb_row][et_pb_row _builder_version=&#8221;4.16&#8243; _module_preset=&#8221;default&#8221; custom_margin=&#8221;|auto|22px|auto||&#8221; global_colors_info=&#8221;{}&#8221;][et_pb_column type=&#8221;4_4&#8243; _builder_version=&#8221;4.16&#8243; _module_preset=&#8221;default&#8221; global_colors_info=&#8221;{}&#8221;][\/et_pb_column][\/et_pb_row][\/et_pb_section][et_pb_section fb_built=&#8221;1&#8243; specialty=&#8221;on&#8221; _builder_version=&#8221;4.17.1&#8243; _module_preset=&#8221;default&#8221; background_color=&#8221;gcid-f2c3926f-88d4-46c2-9b30-d98438b070ba&#8221; custom_margin=&#8221;-1px|||||&#8221; custom_padding=&#8221;4px||7px|||&#8221; top_divider_height=&#8221;65px&#8221; top_divider_flip=&#8221;vertical|horizontal&#8221; global_colors_info=&#8221;{%22gcid-f2c3926f-88d4-46c2-9b30-d98438b070ba%22:%91%22background_color%22%93}&#8221;][et_pb_column type=&#8221;1_2&#8243; _builder_version=&#8221;4.16&#8243; custom_padding=&#8221;|||&#8221; global_colors_info=&#8221;{}&#8221; custom_padding__hover=&#8221;|||&#8221;][et_pb_text _builder_version=&#8221;4.16&#8243; _module_preset=&#8221;c8586828-98d0-4906-aca7-267f624bf393&#8243; text_orientation=&#8221;right&#8221; custom_margin=&#8221;19px|||||&#8221; text_orientation_tablet=&#8221;center&#8221; text_orientation_phone=&#8221;center&#8221; text_orientation_last_edited=&#8221;on|tablet&#8221; global_colors_info=&#8221;{}&#8221;]<\/p>\n<h2>Scopri anche:<\/h2>\n<p>[\/et_pb_text][\/et_pb_column][et_pb_column type=&#8221;1_2&#8243; specialty_columns=&#8221;2&#8243; _builder_version=&#8221;4.16&#8243; custom_padding=&#8221;|||&#8221; global_colors_info=&#8221;{}&#8221; custom_padding__hover=&#8221;|||&#8221;][et_pb_row_inner _builder_version=&#8221;4.16&#8243; _module_preset=&#8221;default&#8221; custom_margin=&#8221;20px|||||&#8221; custom_padding=&#8221;2px||6px|||&#8221; global_colors_info=&#8221;{}&#8221;][et_pb_column_inner saved_specialty_column_type=&#8221;1_2&#8243; _builder_version=&#8221;4.16&#8243; _module_preset=&#8221;default&#8221; global_colors_info=&#8221;{}&#8221;][et_pb_button button_url=&#8221;@ET-DC@eyJkeW5hbWljIjp0cnVlLCJjb250ZW50IjoicG9zdF9saW5rX3VybF9wYWdlIiwic2V0dGluZ3MiOnsicG9zdF9pZCI6IjkxNTQifX0=@&#8221; button_text=&#8221;SOSTENIBILIT\u00c0&#8221; button_alignment=&#8221;left&#8221; button_alignment_tablet=&#8221;center&#8221; button_alignment_phone=&#8221;center&#8221; button_alignment_last_edited=&#8221;on|tablet&#8221; _builder_version=&#8221;4.19.0&#8243; _module_preset=&#8221;9b168c39-e4d6-4bc0-8cf3-8320683fb94d&#8221; custom_margin=&#8221;28px||28px||true|false&#8221; hover_enabled=&#8221;0&#8243; global_colors_info=&#8221;{}&#8221; _dynamic_attributes=&#8221;button_url&#8221; sticky_enabled=&#8221;0&#8243;][\/et_pb_button][et_pb_button button_url=&#8221;@ET-DC@eyJkeW5hbWljIjp0cnVlLCJjb250ZW50IjoicG9zdF9saW5rX3VybF9wYWdlIiwic2V0dGluZ3MiOnsicG9zdF9pZCI6IjkxNTQifX0=@&#8221; button_text=&#8221;GESTIONE&#8221; button_alignment=&#8221;left&#8221; button_alignment_tablet=&#8221;center&#8221; button_alignment_phone=&#8221;center&#8221; button_alignment_last_edited=&#8221;on|tablet&#8221; _builder_version=&#8221;4.19.0&#8243; _module_preset=&#8221;9b168c39-e4d6-4bc0-8cf3-8320683fb94d&#8221; custom_margin=&#8221;28px||28px||true|false&#8221; hover_enabled=&#8221;0&#8243; global_colors_info=&#8221;{}&#8221; _dynamic_attributes=&#8221;button_url&#8221; sticky_enabled=&#8221;0&#8243;][\/et_pb_button][et_pb_button button_url=&#8221;@ET-DC@eyJkeW5hbWljIjp0cnVlLCJjb250ZW50IjoicG9zdF9saW5rX3VybF9wYWdlIiwic2V0dGluZ3MiOnsicG9zdF9pZCI6IjkxNjUifX0=@&#8221; button_text=&#8221;portfolio progetti&#8221; _builder_version=&#8221;4.19.0&#8243; _module_preset=&#8221;e76bb0ad-dd84-48bb-8e22-1c12df9f74fa&#8221; hover_enabled=&#8221;0&#8243; global_colors_info=&#8221;{}&#8221; _dynamic_attributes=&#8221;button_url&#8221; sticky_enabled=&#8221;0&#8243;][\/et_pb_button][\/et_pb_column_inner][\/et_pb_row_inner][\/et_pb_column][\/et_pb_section]<\/p>\n","protected":false},"excerpt":{"rendered":"<p>Comunicazione e divulgazioneNello sviluppo di un progetto, la comunicazione e la diffusione sono fondamentali. &nbsp; Una comunicazione efficace \u00e8 fondamentale per la visibilit\u00e0, mentre la diffusione \u00e8 essenziale per garantire che i risultati e le conoscenze del progetto siano trasferiti e utilizzati da altri. L&#8217;UE raccomanda di considerare la comunicazione e la divulgazione gi\u00e0 nelle [&hellip;]<\/p>\n","protected":false},"author":1,"featured_media":0,"parent":0,"menu_order":0,"comment_status":"closed","ping_status":"closed","template":"","meta":{"_et_pb_use_builder":"on","_et_pb_old_content":"","_et_gb_content_width":"","footnotes":""},"class_list":["post-9157","page","type-page","status-publish","hentry"],"yoast_head":"<!-- This site is optimized with the Yoast SEO plugin v24.6 - https:\/\/yoast.com\/wordpress\/plugins\/seo\/ -->\n<title>Comunicazione e divulgazione - MOVERIM CONSULTING<\/title>\n<meta name=\"robots\" content=\"index, follow, max-snippet:-1, max-image-preview:large, max-video-preview:-1\" \/>\n<link rel=\"canonical\" href=\"https:\/\/www.moverim.eu\/it\/comunicazione-e-divulgazione\/\" \/>\n<meta property=\"og:locale\" content=\"it_IT\" \/>\n<meta property=\"og:type\" content=\"article\" \/>\n<meta property=\"og:title\" content=\"Comunicazione e divulgazione - MOVERIM CONSULTING\" \/>\n<meta property=\"og:description\" content=\"Comunicazione e divulgazioneNello sviluppo di un progetto, la comunicazione e la diffusione sono fondamentali. &nbsp; Una comunicazione efficace \u00e8 fondamentale per la visibilit\u00e0, mentre la diffusione \u00e8 essenziale per garantire che i risultati e le conoscenze del progetto siano trasferiti e utilizzati da altri. L&#039;UE raccomanda di considerare la comunicazione e la divulgazione gi\u00e0 nelle [&hellip;]\" \/>\n<meta property=\"og:url\" content=\"https:\/\/www.moverim.eu\/it\/comunicazione-e-divulgazione\/\" \/>\n<meta property=\"og:site_name\" content=\"MOVERIM CONSULTING\" \/>\n<meta property=\"article:modified_time\" content=\"2022-11-15T08:42:23+00:00\" \/>\n<meta name=\"twitter:card\" content=\"summary_large_image\" \/>\n<meta name=\"twitter:label1\" content=\"Tempo di lettura stimato\" \/>\n\t<meta name=\"twitter:data1\" content=\"4 minuti\" \/>\n<script type=\"application\/ld+json\" class=\"yoast-schema-graph\">{\"@context\":\"https:\/\/schema.org\",\"@graph\":[{\"@type\":\"WebPage\",\"@id\":\"https:\/\/www.moverim.eu\/it\/comunicazione-e-divulgazione\/\",\"url\":\"https:\/\/www.moverim.eu\/it\/comunicazione-e-divulgazione\/\",\"name\":\"Comunicazione e divulgazione - MOVERIM CONSULTING\",\"isPartOf\":{\"@id\":\"https:\/\/www.moverim.eu\/#website\"},\"datePublished\":\"2021-10-26T12:38:15+00:00\",\"dateModified\":\"2022-11-15T08:42:23+00:00\",\"breadcrumb\":{\"@id\":\"https:\/\/www.moverim.eu\/it\/comunicazione-e-divulgazione\/#breadcrumb\"},\"inLanguage\":\"it-IT\",\"potentialAction\":[{\"@type\":\"ReadAction\",\"target\":[\"https:\/\/www.moverim.eu\/it\/comunicazione-e-divulgazione\/\"]}]},{\"@type\":\"BreadcrumbList\",\"@id\":\"https:\/\/www.moverim.eu\/it\/comunicazione-e-divulgazione\/#breadcrumb\",\"itemListElement\":[{\"@type\":\"ListItem\",\"position\":1,\"name\":\"Home\",\"item\":\"https:\/\/www.moverim.eu\/it\/\"},{\"@type\":\"ListItem\",\"position\":2,\"name\":\"Comunicazione e divulgazione\"}]},{\"@type\":\"WebSite\",\"@id\":\"https:\/\/www.moverim.eu\/#website\",\"url\":\"https:\/\/www.moverim.eu\/\",\"name\":\"MOVERIM CONSULTING\",\"description\":\"EU strategies &amp; projects\",\"potentialAction\":[{\"@type\":\"SearchAction\",\"target\":{\"@type\":\"EntryPoint\",\"urlTemplate\":\"https:\/\/www.moverim.eu\/?s={search_term_string}\"},\"query-input\":{\"@type\":\"PropertyValueSpecification\",\"valueRequired\":true,\"valueName\":\"search_term_string\"}}],\"inLanguage\":\"it-IT\"}]}<\/script>\n<!-- \/ Yoast SEO plugin. -->","yoast_head_json":{"title":"Comunicazione e divulgazione - MOVERIM CONSULTING","robots":{"index":"index","follow":"follow","max-snippet":"max-snippet:-1","max-image-preview":"max-image-preview:large","max-video-preview":"max-video-preview:-1"},"canonical":"https:\/\/www.moverim.eu\/it\/comunicazione-e-divulgazione\/","og_locale":"it_IT","og_type":"article","og_title":"Comunicazione e divulgazione - MOVERIM CONSULTING","og_description":"Comunicazione e divulgazioneNello sviluppo di un progetto, la comunicazione e la diffusione sono fondamentali. &nbsp; Una comunicazione efficace \u00e8 fondamentale per la visibilit\u00e0, mentre la diffusione \u00e8 essenziale per garantire che i risultati e le conoscenze del progetto siano trasferiti e utilizzati da altri. L'UE raccomanda di considerare la comunicazione e la divulgazione gi\u00e0 nelle [&hellip;]","og_url":"https:\/\/www.moverim.eu\/it\/comunicazione-e-divulgazione\/","og_site_name":"MOVERIM CONSULTING","article_modified_time":"2022-11-15T08:42:23+00:00","twitter_card":"summary_large_image","twitter_misc":{"Tempo di lettura stimato":"4 minuti"},"schema":{"@context":"https:\/\/schema.org","@graph":[{"@type":"WebPage","@id":"https:\/\/www.moverim.eu\/it\/comunicazione-e-divulgazione\/","url":"https:\/\/www.moverim.eu\/it\/comunicazione-e-divulgazione\/","name":"Comunicazione e divulgazione - MOVERIM CONSULTING","isPartOf":{"@id":"https:\/\/www.moverim.eu\/#website"},"datePublished":"2021-10-26T12:38:15+00:00","dateModified":"2022-11-15T08:42:23+00:00","breadcrumb":{"@id":"https:\/\/www.moverim.eu\/it\/comunicazione-e-divulgazione\/#breadcrumb"},"inLanguage":"it-IT","potentialAction":[{"@type":"ReadAction","target":["https:\/\/www.moverim.eu\/it\/comunicazione-e-divulgazione\/"]}]},{"@type":"BreadcrumbList","@id":"https:\/\/www.moverim.eu\/it\/comunicazione-e-divulgazione\/#breadcrumb","itemListElement":[{"@type":"ListItem","position":1,"name":"Home","item":"https:\/\/www.moverim.eu\/it\/"},{"@type":"ListItem","position":2,"name":"Comunicazione e divulgazione"}]},{"@type":"WebSite","@id":"https:\/\/www.moverim.eu\/#website","url":"https:\/\/www.moverim.eu\/","name":"MOVERIM CONSULTING","description":"EU strategies &amp; projects","potentialAction":[{"@type":"SearchAction","target":{"@type":"EntryPoint","urlTemplate":"https:\/\/www.moverim.eu\/?s={search_term_string}"},"query-input":{"@type":"PropertyValueSpecification","valueRequired":true,"valueName":"search_term_string"}}],"inLanguage":"it-IT"}]}},"_links":{"self":[{"href":"https:\/\/www.moverim.eu\/it\/wp-json\/wp\/v2\/pages\/9157","targetHints":{"allow":["GET"]}}],"collection":[{"href":"https:\/\/www.moverim.eu\/it\/wp-json\/wp\/v2\/pages"}],"about":[{"href":"https:\/\/www.moverim.eu\/it\/wp-json\/wp\/v2\/types\/page"}],"author":[{"embeddable":true,"href":"https:\/\/www.moverim.eu\/it\/wp-json\/wp\/v2\/users\/1"}],"replies":[{"embeddable":true,"href":"https:\/\/www.moverim.eu\/it\/wp-json\/wp\/v2\/comments?post=9157"}],"version-history":[{"count":3,"href":"https:\/\/www.moverim.eu\/it\/wp-json\/wp\/v2\/pages\/9157\/revisions"}],"predecessor-version":[{"id":9267,"href":"https:\/\/www.moverim.eu\/it\/wp-json\/wp\/v2\/pages\/9157\/revisions\/9267"}],"wp:attachment":[{"href":"https:\/\/www.moverim.eu\/it\/wp-json\/wp\/v2\/media?parent=9157"}],"curies":[{"name":"wp","href":"https:\/\/api.w.org\/{rel}","templated":true}]}}