{"id":10717,"date":"2025-11-05T14:34:58","date_gmt":"2025-11-05T13:34:58","guid":{"rendered":"https:\/\/www.moverim.eu\/?page_id=10717"},"modified":"2025-11-05T14:38:37","modified_gmt":"2025-11-05T13:38:37","slug":"la-commissione-europea-presenta-il-work-programme-2026","status":"publish","type":"page","link":"https:\/\/www.moverim.eu\/it\/la-commissione-europea-presenta-il-work-programme-2026\/","title":{"rendered":"La Commissione Europea presenta il Work Programme 2026"},"content":{"rendered":"<p><img loading=\"lazy\" decoding=\"async\" class=\"alignnone  wp-image-10715\" src=\"https:\/\/www.moverim.eu\/wp-content\/uploads\/2025\/11\/WORK-PROGRAMME-2026.jpg\" alt=\"\" width=\"725\" height=\"410\" srcset=\"https:\/\/www.moverim.eu\/wp-content\/uploads\/2025\/11\/WORK-PROGRAMME-2026.jpg 725w, https:\/\/www.moverim.eu\/wp-content\/uploads\/2025\/11\/WORK-PROGRAMME-2026-480x271.jpg 480w\" sizes=\"(min-width: 0px) and (max-width: 480px) 480px, (min-width: 481px) 725px, 100vw\" \/><\/p>\n<p><span data-contrast=\"auto\">La Commissione Europea, guidata dalla presidente Ursula von der Leyen, ha presentato le linee guida del suo <\/span><a href=\"https:\/\/eur-lex.europa.eu\/legal-content\/EN\/TXT\/?uri=CELEX%3A52025DC0870&amp;qid=1761126156157\" target=\"_blank\" rel=\"noopener\"><b><span data-contrast=\"none\">Work Programme 2026<\/span><\/b><\/a><span data-contrast=\"auto\"> lo scorso 21 ottobre, segnando un passaggio deciso verso una governance semplificata e un\u2019applicazione pi\u00f9 efficace del diritto dell\u2019Unione. L\u2019obiettivo principale \u00e8 semplificare le norme europee, ridurre gli oneri amministrativi e garantire una migliore attuazione delle politiche comuni in tutti gli Stati membri. Secondo il comunicato ufficiale, oltre la met\u00e0 delle iniziative previste per il prossimo anno sar\u00e0 dedicata proprio alla semplificazione normativa, confermando la volont\u00e0 di tradurre gli impegni politici in risultati concreti.<\/span><span data-ccp-props=\"{&quot;134233117&quot;:true,&quot;134233118&quot;:true,&quot;201341983&quot;:0,&quot;335559740&quot;:240}\">\u00a0<\/span><\/p>\n<p><span data-ccp-props=\"{&quot;134233117&quot;:true,&quot;134233118&quot;:true,&quot;201341983&quot;:0,&quot;335559740&quot;:240}\">\u00a0<\/span><span data-contrast=\"auto\">l nuovo Work Programme si basa sui dati del <\/span><a href=\"https:\/\/commission.europa.eu\/publications\/2025-overview-report-simplification-implementation-and-enforcement_en\" target=\"_blank\" rel=\"noopener\"><b><span data-contrast=\"none\">Report 2025<\/span><\/b><\/a><span data-contrast=\"auto\"> sulla semplificazione, attuazione e applicazione del diritto dell\u2019UE, che offre una valutazione complessiva dei progressi nella riduzione della burocrazia e nel rafforzamento dell\u2019attuazione delle norme europee. \u00c8 il primo bilancio annuale che misura in modo sistematico tali progressi.<\/span><span data-ccp-props=\"{&quot;134233117&quot;:true,&quot;134233118&quot;:true,&quot;201341983&quot;:0,&quot;335559740&quot;:240}\">\u00a0<\/span><\/p>\n<p><span data-contrast=\"auto\">Secondo il documento, la Commissione punta a ottenere <\/span><b><span data-contrast=\"auto\">37,5 miliardi <\/span><\/b><span data-contrast=\"auto\">di euro di risparmi annui entro il <\/span><b><span data-contrast=\"auto\">2030<\/span><\/b><span data-contrast=\"auto\"> grazie a interventi di semplificazione. Le prime misure gi\u00e0 avviate potrebbero generare <\/span><b><span data-contrast=\"auto\">8,6 miliardi<\/span><\/b><span data-contrast=\"auto\"> di euro di risparmi strutturali all\u2019anno, oltre <\/span><b><span data-contrast=\"auto\">a 4 miliardi<\/span><\/b><span data-contrast=\"auto\"> di riduzioni una tantum, con un taglio complessivo degli oneri stimato al <\/span><b><span data-contrast=\"auto\">25 %<\/span><\/b><span data-contrast=\"auto\"> e fino al <\/span><b><span data-contrast=\"auto\">35 %<\/span><\/b><span data-contrast=\"auto\"> per le piccole e medie imprese.<\/span><span data-ccp-props=\"{&quot;134233117&quot;:true,&quot;134233118&quot;:true,&quot;201341983&quot;:0,&quot;335559740&quot;:240}\">\u00a0<\/span><span data-ccp-props=\"{&quot;134233117&quot;:true,&quot;134233118&quot;:true,&quot;201341983&quot;:0,&quot;335559740&quot;:240}\">\u00a0<\/span><\/p>\n<p><span data-contrast=\"auto\">Il report evidenzia anche un rafforzamento dell\u2019attivit\u00e0 di enforcement.\u00a0<\/span><span data-ccp-props=\"{&quot;134233117&quot;:true,&quot;134233118&quot;:true,&quot;201341983&quot;:0,&quot;335559740&quot;:240}\">\u00a0<\/span><span data-contrast=\"auto\">Tra gennaio e luglio 2025 sono state chiuse oltre 400 procedure di infrazione, a seguito del pieno adeguamento degli Stati membri al diritto europeo. Nello stesso periodo la Commissione ha deferito 45 casi alla Corte di giustizia dell\u2019Unione europea, chiedendo sanzioni finanziarie in 15 di essi. Parallelamente, Bruxelles ha potenziato i meccanismi di dialogo con le autorit\u00e0 nazionali e locali, organizzando \u201creality checks\u201d con imprese e amministrazioni per individuare gli ostacoli pratici che rallentano l\u2019attuazione delle norme.<\/span><span data-ccp-props=\"{&quot;134233117&quot;:true,&quot;134233118&quot;:true,&quot;201341983&quot;:0,&quot;335559740&quot;:240}\">\u00a0<\/span><span data-ccp-props=\"{&quot;134233117&quot;:true,&quot;134233118&quot;:true,&quot;201341983&quot;:0,&quot;335559740&quot;:240}\">\u00a0<\/span><\/p>\n<p><span data-contrast=\"auto\">Non mancano per\u00f2 le criticit\u00e0. Il report segnala che l\u2019attuazione del diritto dell\u2019Unione resta disomogenea tra Paesi e settori, con casi di \u201c<\/span><b><span data-contrast=\"auto\">gold-plating<\/span><\/b><span data-contrast=\"auto\">\u201d in cui le norme nazionali vanno oltre i requisiti europei. Alcune proposte di semplificazione sono ancora in fase di negoziazione tra Parlamento e Consiglio, con il rischio di ritardi nell\u2019adozione. Inoltre, la relazione copre solo il periodo gennaio-luglio 2025, e gli sviluppi successivi saranno monitorati nel corso del 2026.<\/span><span data-ccp-props=\"{&quot;134233117&quot;:true,&quot;134233118&quot;:true,&quot;201341983&quot;:0,&quot;335559740&quot;:240}\">\u00a0<\/span><\/p>\n<p><span data-contrast=\"auto\">Alla luce di queste evidenze, il Work Programme 2026 mira a consolidare i progressi e accelerare l\u2019attuazione. La Commissione intende chiudere pi\u00f9 rapidamente i procedimenti di infrazione, rafforzare il coordinamento con gli Stati membri e assicurare che la semplificazione generi benefici concreti per cittadini e imprese.\u00a0<\/span><span data-ccp-props=\"{&quot;134233117&quot;:true,&quot;134233118&quot;:true,&quot;201341983&quot;:0,&quot;335559740&quot;:240}\">\u00a0<\/span><span data-ccp-props=\"{&quot;134233117&quot;:true,&quot;134233118&quot;:true,&quot;201341983&quot;:0,&quot;335559740&quot;:240}\">\u00a0<\/span><\/p>\n<p><span data-contrast=\"auto\">In particolare, il WP 2026 include <\/span><b><span data-contrast=\"auto\">38 nuove iniziative legislative<\/span><\/b><span data-contrast=\"auto\">, oltre la met\u00e0 delle quali dedicate alla semplificazione. Tra le principali figurano l\u2019<\/span><a href=\"https:\/\/research-and-innovation.ec.europa.eu\/strategy\/support-policy-making\/shaping-eu-research-and-innovation-policy\/european-innovation-act_en\" target=\"_blank\" rel=\"noopener\"><b><span data-contrast=\"none\">European Innovation Act<\/span><\/b><\/a><span data-contrast=\"auto\">, volto a sostenere la diffusione delle tecnologie emergenti, l\u2019<\/span><a href=\"https:\/\/ec.europa.eu\/info\/law\/better-regulation\/have-your-say\/initiatives\/14952-Advanced-Materials-Act_en\" target=\"_blank\" rel=\"noopener\"><b><span data-contrast=\"none\">Advanced Materials Act<\/span><\/b><\/a> <span data-contrast=\"auto\">per promuovere la ricerca sui materiali avanzati e la creazione di un <\/span><b><span data-contrast=\"auto\">Critical Raw Materials Centre<\/span><\/b><span data-contrast=\"auto\"> per rafforzare la sicurezza dell\u2019approvvigionamento strategico.<\/span><span data-ccp-props=\"{&quot;134233117&quot;:true,&quot;134233118&quot;:true,&quot;201341983&quot;:0,&quot;335559740&quot;:240}\">\u00a0<\/span><span data-contrast=\"auto\">Il piano prevede inoltre <\/span><b><span data-contrast=\"auto\">20 \u201cfitness checks\u201d<\/span><\/b><span data-contrast=\"auto\"> del quadro normativo europeo per individuare aree di semplificazione e la proposta di ritirare oltre 100 iniziative legislative pendenti considerate superate.<\/span><span data-ccp-props=\"{&quot;134233117&quot;:true,&quot;134233118&quot;:true,&quot;201341983&quot;:0,&quot;335559740&quot;:240}\">\u00a0<\/span><\/p>\n<p><span data-contrast=\"auto\">Pur in un contesto complesso, il Work Programme 2026 segna un passo verso un\u2019Unione pi\u00f9 coerente e orientata all\u2019impatto. La sfida sar\u00e0 armonizzare la semplificazione normativa con la tutela degli standard europei in sicurezza, ambiente e diritti dei consumatori. Bruxelles punta ora a concretizzare l\u2019idea di una \u201clegislazione migliore\u201d per cittadini, imprese e pubbliche amministrazioni.<\/span><span data-ccp-props=\"{&quot;134233117&quot;:true,&quot;134233118&quot;:true,&quot;201341983&quot;:0,&quot;335559740&quot;:240}\">\u00a0<\/span><\/p>\n<p><span data-ccp-props=\"{&quot;134233117&quot;:true,&quot;134233118&quot;:true,&quot;201341983&quot;:0,&quot;335559740&quot;:240}\">\u00a0<\/span><span data-contrast=\"auto\">Per saperne di pi\u00f9, consulta il <\/span><a href=\"https:\/\/eur-lex.europa.eu\/legal-content\/EN\/TXT\/?uri=CELEX%3A52025DC0870&amp;qid=1761126156157\" target=\"_blank\" rel=\"noopener\"><span data-contrast=\"none\">Work Programme 2026<\/span><\/a><span data-contrast=\"auto\"> ed il <\/span><a href=\"https:\/\/commission.europa.eu\/publications\/2025-overview-report-simplification-implementation-and-enforcement_en\" target=\"_blank\" rel=\"noopener\"><span data-contrast=\"none\">Report 2025<\/span><\/a><span data-contrast=\"auto\">.<\/span><span data-ccp-props=\"{&quot;134233117&quot;:true,&quot;134233118&quot;:true,&quot;201341983&quot;:0,&quot;335559740&quot;:240}\">\u00a0<\/span><span data-ccp-props=\"{&quot;134233117&quot;:true,&quot;134233118&quot;:true,&quot;201341983&quot;:0,&quot;335559740&quot;:240}\">\u00a0<\/span><\/p>\n","protected":false},"excerpt":{"rendered":"<p>La Commissione Europea, guidata dalla presidente Ursula von der Leyen, ha presentato le linee guida del suo Work Programme 2026 lo scorso 21 ottobre, segnando un passaggio deciso verso una governance semplificata e un\u2019applicazione pi\u00f9 efficace del diritto dell\u2019Unione. L\u2019obiettivo principale \u00e8 semplificare le norme europee, ridurre gli oneri amministrativi e garantire una migliore attuazione [&hellip;]<\/p>\n","protected":false},"author":2,"featured_media":10715,"parent":0,"menu_order":0,"comment_status":"closed","ping_status":"closed","template":"","meta":{"_et_pb_use_builder":"","_et_pb_old_content":"","_et_gb_content_width":"","footnotes":""},"class_list":["post-10717","page","type-page","status-publish","has-post-thumbnail","hentry"],"yoast_head":"<!-- This site is optimized with the Yoast SEO plugin v24.6 - https:\/\/yoast.com\/wordpress\/plugins\/seo\/ -->\n<title>La Commissione Europea presenta il Work Programme 2026 - MOVERIM CONSULTING<\/title>\n<meta name=\"description\" content=\"La Commissione Europea, guidata dalla presidente Ursula von der Leyen, ha presentato le linee guida del suo Work Programme 2026 lo scorso 21 ottobre, segnando un passaggio deciso verso una governance semplificata e un\u2019applicazione pi\u00f9 efficace del diritto dell\u2019Unione.\" \/>\n<meta name=\"robots\" content=\"index, follow, max-snippet:-1, max-image-preview:large, max-video-preview:-1\" \/>\n<link rel=\"canonical\" href=\"https:\/\/www.moverim.eu\/it\/la-commissione-europea-presenta-il-work-programme-2026\/\" \/>\n<meta property=\"og:locale\" content=\"it_IT\" \/>\n<meta property=\"og:type\" content=\"article\" \/>\n<meta property=\"og:title\" content=\"La Commissione Europea presenta il Work Programme 2026 - MOVERIM CONSULTING\" \/>\n<meta property=\"og:description\" content=\"La Commissione Europea, guidata dalla presidente Ursula von der Leyen, ha presentato le linee guida del suo Work Programme 2026 lo scorso 21 ottobre, segnando un passaggio deciso verso una governance semplificata e un\u2019applicazione pi\u00f9 efficace del diritto dell\u2019Unione.\" \/>\n<meta property=\"og:url\" content=\"https:\/\/www.moverim.eu\/it\/la-commissione-europea-presenta-il-work-programme-2026\/\" \/>\n<meta property=\"og:site_name\" content=\"MOVERIM CONSULTING\" \/>\n<meta property=\"article:modified_time\" content=\"2025-11-05T13:38:37+00:00\" \/>\n<meta property=\"og:image\" content=\"https:\/\/www.moverim.eu\/wp-content\/uploads\/2025\/11\/WORK-PROGRAMME-2026.jpg\" \/>\n\t<meta property=\"og:image:width\" content=\"920\" \/>\n\t<meta property=\"og:image:height\" content=\"520\" \/>\n\t<meta property=\"og:image:type\" content=\"image\/jpeg\" \/>\n<meta name=\"twitter:card\" content=\"summary_large_image\" \/>\n<meta name=\"twitter:label1\" content=\"Tempo di lettura stimato\" \/>\n\t<meta name=\"twitter:data1\" content=\"3 minuti\" \/>\n<script type=\"application\/ld+json\" class=\"yoast-schema-graph\">{\"@context\":\"https:\/\/schema.org\",\"@graph\":[{\"@type\":\"WebPage\",\"@id\":\"https:\/\/www.moverim.eu\/it\/la-commissione-europea-presenta-il-work-programme-2026\/\",\"url\":\"https:\/\/www.moverim.eu\/it\/la-commissione-europea-presenta-il-work-programme-2026\/\",\"name\":\"La Commissione Europea presenta il Work Programme 2026 - MOVERIM CONSULTING\",\"isPartOf\":{\"@id\":\"https:\/\/www.moverim.eu\/#website\"},\"primaryImageOfPage\":{\"@id\":\"https:\/\/www.moverim.eu\/it\/la-commissione-europea-presenta-il-work-programme-2026\/#primaryimage\"},\"image\":{\"@id\":\"https:\/\/www.moverim.eu\/it\/la-commissione-europea-presenta-il-work-programme-2026\/#primaryimage\"},\"thumbnailUrl\":\"https:\/\/www.moverim.eu\/wp-content\/uploads\/2025\/11\/WORK-PROGRAMME-2026.jpg\",\"datePublished\":\"2025-11-05T13:34:58+00:00\",\"dateModified\":\"2025-11-05T13:38:37+00:00\",\"description\":\"La Commissione Europea, guidata dalla presidente Ursula von der Leyen, ha presentato le linee guida del suo Work Programme 2026 lo scorso 21 ottobre, segnando un passaggio deciso verso una governance semplificata e un\u2019applicazione pi\u00f9 efficace del diritto dell\u2019Unione.\",\"breadcrumb\":{\"@id\":\"https:\/\/www.moverim.eu\/it\/la-commissione-europea-presenta-il-work-programme-2026\/#breadcrumb\"},\"inLanguage\":\"it-IT\",\"potentialAction\":[{\"@type\":\"ReadAction\",\"target\":[\"https:\/\/www.moverim.eu\/it\/la-commissione-europea-presenta-il-work-programme-2026\/\"]}]},{\"@type\":\"ImageObject\",\"inLanguage\":\"it-IT\",\"@id\":\"https:\/\/www.moverim.eu\/it\/la-commissione-europea-presenta-il-work-programme-2026\/#primaryimage\",\"url\":\"https:\/\/www.moverim.eu\/wp-content\/uploads\/2025\/11\/WORK-PROGRAMME-2026.jpg\",\"contentUrl\":\"https:\/\/www.moverim.eu\/wp-content\/uploads\/2025\/11\/WORK-PROGRAMME-2026.jpg\",\"width\":920,\"height\":520},{\"@type\":\"BreadcrumbList\",\"@id\":\"https:\/\/www.moverim.eu\/it\/la-commissione-europea-presenta-il-work-programme-2026\/#breadcrumb\",\"itemListElement\":[{\"@type\":\"ListItem\",\"position\":1,\"name\":\"Home\",\"item\":\"https:\/\/www.moverim.eu\/it\/\"},{\"@type\":\"ListItem\",\"position\":2,\"name\":\"La Commissione Europea presenta il Work Programme 2026\"}]},{\"@type\":\"WebSite\",\"@id\":\"https:\/\/www.moverim.eu\/#website\",\"url\":\"https:\/\/www.moverim.eu\/\",\"name\":\"MOVERIM CONSULTING\",\"description\":\"EU strategies &amp; projects\",\"potentialAction\":[{\"@type\":\"SearchAction\",\"target\":{\"@type\":\"EntryPoint\",\"urlTemplate\":\"https:\/\/www.moverim.eu\/?s={search_term_string}\"},\"query-input\":{\"@type\":\"PropertyValueSpecification\",\"valueRequired\":true,\"valueName\":\"search_term_string\"}}],\"inLanguage\":\"it-IT\"}]}<\/script>\n<!-- \/ Yoast SEO plugin. -->","yoast_head_json":{"title":"La Commissione Europea presenta il Work Programme 2026 - MOVERIM CONSULTING","description":"La Commissione Europea, guidata dalla presidente Ursula von der Leyen, ha presentato le linee guida del suo Work Programme 2026 lo scorso 21 ottobre, segnando un passaggio deciso verso una governance semplificata e un\u2019applicazione pi\u00f9 efficace del diritto dell\u2019Unione.","robots":{"index":"index","follow":"follow","max-snippet":"max-snippet:-1","max-image-preview":"max-image-preview:large","max-video-preview":"max-video-preview:-1"},"canonical":"https:\/\/www.moverim.eu\/it\/la-commissione-europea-presenta-il-work-programme-2026\/","og_locale":"it_IT","og_type":"article","og_title":"La Commissione Europea presenta il Work Programme 2026 - MOVERIM CONSULTING","og_description":"La Commissione Europea, guidata dalla presidente Ursula von der Leyen, ha presentato le linee guida del suo Work Programme 2026 lo scorso 21 ottobre, segnando un passaggio deciso verso una governance semplificata e un\u2019applicazione pi\u00f9 efficace del diritto dell\u2019Unione.","og_url":"https:\/\/www.moverim.eu\/it\/la-commissione-europea-presenta-il-work-programme-2026\/","og_site_name":"MOVERIM CONSULTING","article_modified_time":"2025-11-05T13:38:37+00:00","og_image":[{"width":920,"height":520,"url":"https:\/\/www.moverim.eu\/wp-content\/uploads\/2025\/11\/WORK-PROGRAMME-2026.jpg","type":"image\/jpeg"}],"twitter_card":"summary_large_image","twitter_misc":{"Tempo di lettura stimato":"3 minuti"},"schema":{"@context":"https:\/\/schema.org","@graph":[{"@type":"WebPage","@id":"https:\/\/www.moverim.eu\/it\/la-commissione-europea-presenta-il-work-programme-2026\/","url":"https:\/\/www.moverim.eu\/it\/la-commissione-europea-presenta-il-work-programme-2026\/","name":"La Commissione Europea presenta il Work Programme 2026 - MOVERIM CONSULTING","isPartOf":{"@id":"https:\/\/www.moverim.eu\/#website"},"primaryImageOfPage":{"@id":"https:\/\/www.moverim.eu\/it\/la-commissione-europea-presenta-il-work-programme-2026\/#primaryimage"},"image":{"@id":"https:\/\/www.moverim.eu\/it\/la-commissione-europea-presenta-il-work-programme-2026\/#primaryimage"},"thumbnailUrl":"https:\/\/www.moverim.eu\/wp-content\/uploads\/2025\/11\/WORK-PROGRAMME-2026.jpg","datePublished":"2025-11-05T13:34:58+00:00","dateModified":"2025-11-05T13:38:37+00:00","description":"La Commissione Europea, guidata dalla presidente Ursula von der Leyen, ha presentato le linee guida del suo Work Programme 2026 lo scorso 21 ottobre, segnando un passaggio deciso verso una governance semplificata e un\u2019applicazione pi\u00f9 efficace del diritto dell\u2019Unione.","breadcrumb":{"@id":"https:\/\/www.moverim.eu\/it\/la-commissione-europea-presenta-il-work-programme-2026\/#breadcrumb"},"inLanguage":"it-IT","potentialAction":[{"@type":"ReadAction","target":["https:\/\/www.moverim.eu\/it\/la-commissione-europea-presenta-il-work-programme-2026\/"]}]},{"@type":"ImageObject","inLanguage":"it-IT","@id":"https:\/\/www.moverim.eu\/it\/la-commissione-europea-presenta-il-work-programme-2026\/#primaryimage","url":"https:\/\/www.moverim.eu\/wp-content\/uploads\/2025\/11\/WORK-PROGRAMME-2026.jpg","contentUrl":"https:\/\/www.moverim.eu\/wp-content\/uploads\/2025\/11\/WORK-PROGRAMME-2026.jpg","width":920,"height":520},{"@type":"BreadcrumbList","@id":"https:\/\/www.moverim.eu\/it\/la-commissione-europea-presenta-il-work-programme-2026\/#breadcrumb","itemListElement":[{"@type":"ListItem","position":1,"name":"Home","item":"https:\/\/www.moverim.eu\/it\/"},{"@type":"ListItem","position":2,"name":"La Commissione Europea presenta il Work Programme 2026"}]},{"@type":"WebSite","@id":"https:\/\/www.moverim.eu\/#website","url":"https:\/\/www.moverim.eu\/","name":"MOVERIM CONSULTING","description":"EU strategies &amp; projects","potentialAction":[{"@type":"SearchAction","target":{"@type":"EntryPoint","urlTemplate":"https:\/\/www.moverim.eu\/?s={search_term_string}"},"query-input":{"@type":"PropertyValueSpecification","valueRequired":true,"valueName":"search_term_string"}}],"inLanguage":"it-IT"}]}},"_links":{"self":[{"href":"https:\/\/www.moverim.eu\/it\/wp-json\/wp\/v2\/pages\/10717","targetHints":{"allow":["GET"]}}],"collection":[{"href":"https:\/\/www.moverim.eu\/it\/wp-json\/wp\/v2\/pages"}],"about":[{"href":"https:\/\/www.moverim.eu\/it\/wp-json\/wp\/v2\/types\/page"}],"author":[{"embeddable":true,"href":"https:\/\/www.moverim.eu\/it\/wp-json\/wp\/v2\/users\/2"}],"replies":[{"embeddable":true,"href":"https:\/\/www.moverim.eu\/it\/wp-json\/wp\/v2\/comments?post=10717"}],"version-history":[{"count":1,"href":"https:\/\/www.moverim.eu\/it\/wp-json\/wp\/v2\/pages\/10717\/revisions"}],"predecessor-version":[{"id":10718,"href":"https:\/\/www.moverim.eu\/it\/wp-json\/wp\/v2\/pages\/10717\/revisions\/10718"}],"wp:featuredmedia":[{"embeddable":true,"href":"https:\/\/www.moverim.eu\/it\/wp-json\/wp\/v2\/media\/10715"}],"wp:attachment":[{"href":"https:\/\/www.moverim.eu\/it\/wp-json\/wp\/v2\/media?parent=10717"}],"curies":[{"name":"wp","href":"https:\/\/api.w.org\/{rel}","templated":true}]}}